{"id":6,"date":"2024-09-17T17:23:51","date_gmt":"2024-09-17T15:23:51","guid":{"rendered":"https:\/\/dieselsoft.fr\/?page_id=6"},"modified":"2024-09-28T19:01:53","modified_gmt":"2024-09-28T17:01:53","slug":"ecole-de-vtt-aotl-cyclisme","status":"publish","type":"page","link":"https:\/\/dieselsoft.fr\/","title":{"rendered":"Accueil"},"content":{"rendered":"<p><\/p>\r\n<p>&nbsp;<\/p>\r\n<p style=\"text-align: center;\"><span style=\"font-family: tahoma, arial, helvetica, sans-serif;\"><strong><span style=\"font-size: 24pt;\">\u00c9cole de VTT AOTL Cyclisme<\/span><\/strong><\/span><\/p>\r\n<p style=\"text-align: center;\"><img loading=\"lazy\" decoding=\"async\" class=\"wp-image-75 aligncenter\" src=\"http:\/\/dieselsoft.fr\/wp-content\/uploads\/2024\/09\/groupeEnfants-300x129.png\" alt=\"\" width=\"593\" height=\"255\" srcset=\"https:\/\/dieselsoft.fr\/wp-content\/uploads\/2024\/09\/groupeEnfants-300x129.png 300w, https:\/\/dieselsoft.fr\/wp-content\/uploads\/2024\/09\/groupeEnfants.png 512w\" sizes=\"auto, (max-width: 593px) 100vw, 593px\" \/><\/p>\r\n<h4 style=\"text-align: center;\"><span style=\"font-family: tahoma, arial, helvetica, sans-serif;\"><strong>Les entrainements ont repris le samedi 14 septembre 2024 \u00e0 9h45 au stade de Brocarel.<\/strong><\/span><\/h4>\r\n<p>&nbsp;<\/p>\r\n<p><span style=\"font-family: tahoma, arial, helvetica, sans-serif;\">Vous cherchez \u00e0 ma\u00eetriser l\u2019art du VTT ou simplement \u00e0 d\u00e9couvrir les joies du v\u00e9lo tout terrain ? Vous \u00eates au bon endroit ! Notre \u00e9cole de VTT propose des cours pour tous les \u00e2ges et niveaux, que vous soyez d\u00e9butant, interm\u00e9diaire ou expert.<\/span><\/p>\r\n<p><span style=\"font-family: tahoma, arial, helvetica, sans-serif;\">\r\n\r\n<\/span><\/p>\r\n<h4 class=\"wp-block-heading\"><span style=\"font-family: tahoma, arial, helvetica, sans-serif;\">Ce que nous offrons :<\/span><\/h4>\r\n<p><span style=\"font-family: tahoma, arial, helvetica, sans-serif;\">\r\n\r\n<\/span><\/p>\r\n<ul class=\"wp-block-list\">\r\n<li><span style=\"font-family: tahoma, arial, helvetica, sans-serif;\"><strong>Cours pour d\u00e9butants<\/strong>\u00a0: Apprenez les bases du VTT, y compris la s\u00e9curit\u00e9, la position sur le v\u00e9lo, le freinage, et les techniques de base pour rouler en toute confiance sur les sentiers.<\/span><\/li>\r\n\r\n\r\n\r\n<li><span style=\"font-family: tahoma, arial, helvetica, sans-serif;\"><strong>Sessions pour niveaux interm\u00e9diaires<\/strong>\u00a0: Perfectionnez vos comp\u00e9tences en d\u00e9couvrant des techniques avanc\u00e9es, comme la gestion des descentes, les virages serr\u00e9s, et les franchissements d\u2019obstacles.<\/span><\/li>\r\n\r\n\r\n\r\n<li><span style=\"font-family: tahoma, arial, helvetica, sans-serif;\"><strong>Stages experts<\/strong>\u00a0: D\u00e9veloppez vos comp\u00e9tences sur des terrains techniques avec des exercices sp\u00e9cialis\u00e9s, des descentes engag\u00e9es, et des man\u0153uvres pr\u00e9cises pour ma\u00eetriser tous les aspects du VTT.<\/span><\/li>\r\n\r\n\r\n\r\n<li><span style=\"font-family: tahoma, arial, helvetica, sans-serif;\"><strong>Sorties guid\u00e9es<\/strong>\u00a0: Profitez de nos sorties encadr\u00e9es par des moniteurs certifi\u00e9s pour explorer les plus beaux sentiers de la r\u00e9gion tout en mettant en pratique vos comp\u00e9tences.<\/span><\/li>\r\n\r\n\r\n\r\n<li><span style=\"font-family: tahoma, arial, helvetica, sans-serif;\"><strong>Entra\u00eenements personnalis\u00e9s<\/strong>\u00a0: B\u00e9n\u00e9ficiez d\u2019un programme d\u2019entra\u00eenement sur mesure en fonction de vos objectifs, qu\u2019il s\u2019agisse de pr\u00e9parer une comp\u00e9tition ou de simplement am\u00e9liorer votre condition physique.<\/span><\/li>\r\n<\/ul>\r\n<p><img loading=\"lazy\" decoding=\"async\" class=\"alignnone size-full wp-image-76\" src=\"http:\/\/dieselsoft.fr\/wp-content\/uploads\/2024\/09\/Ride-300x192-1.png\" alt=\"\" width=\"300\" height=\"192\" \/><\/p>\r\n<h4>Pourquoi nous choisir ?<\/h4>\r\n<ul>\r\n<li><strong>Des moniteurs certifi\u00e9s<\/strong>\u00a0: Tous nos instructeurs sont dipl\u00f4m\u00e9s et poss\u00e8dent une grande exp\u00e9rience en VTT. Ils sauront vous guider avec p\u00e9dagogie et enthousiasme.<\/li>\r\n<li><strong>Environnement s\u00e9curis\u00e9 et convivial<\/strong>\u00a0: Nos cours sont dispens\u00e9s dans un cadre naturel exceptionnel, sur des pistes sp\u00e9cialement am\u00e9nag\u00e9es pour un apprentissage en toute s\u00e9curit\u00e9.<\/li>\r\n<\/ul>\r\n<h4>Rejoignez-nous !<\/h4>\r\n<p>Que vous souhaitiez vous initier au VTT, vous perfectionner ou tout simplement profiter de belles balades en pleine nature, l\u2019\u00c9cole de VTT\u00a0<em><strong>AOTL Cyclisme<\/strong><\/em>\u00a0est l\u00e0 pour vous accompagner dans votre passion du v\u00e9lo. N\u2019h\u00e9sitez pas \u00e0 nous contacter pour plus d\u2019informations ou pour vous inscrire \u00e0 nos cours.<\/p>\r\n<p style=\"text-align: center;\"><strong><em>Nous joindre<\/em><\/strong>\u00a0:\u00a0<a href=\"mailto:contact@aotlcyclisme.fr\">contact@aotlcyclisme.fr<\/a><\/p>\r\n","protected":false},"excerpt":{"rendered":"<p>&nbsp; \u00c9cole de VTT AOTL Cyclisme Les entrainements ont repris le samedi 14 septembre 2024 \u00e0 9h45 au stade de Brocarel. &nbsp; Vous cherchez \u00e0 ma\u00eetriser l\u2019art du VTT ou simplement \u00e0 d\u00e9couvrir les joies du v\u00e9lo tout terrain ? Vous \u00eates au bon endroit ! Notre \u00e9cole de VTT propose des cours pour tous [&hellip;]<\/p>\n","protected":false},"author":1,"featured_media":0,"parent":0,"menu_order":0,"comment_status":"closed","ping_status":"closed","template":"","meta":{"_acf_changed":false,"ocean_post_layout":"full-width","ocean_both_sidebars_style":"","ocean_both_sidebars_content_width":0,"ocean_both_sidebars_sidebars_width":0,"ocean_sidebar":"sidebar-2","ocean_second_sidebar":"0","ocean_disable_margins":"enable","ocean_add_body_class":"","ocean_shortcode_before_top_bar":"","ocean_shortcode_after_top_bar":"","ocean_shortcode_before_header":"","ocean_shortcode_after_header":"","ocean_has_shortcode":"","ocean_shortcode_after_title":"","ocean_shortcode_before_footer_widgets":"","ocean_shortcode_after_footer_widgets":"","ocean_shortcode_before_footer_bottom":"","ocean_shortcode_after_footer_bottom":"","ocean_display_top_bar":"off","ocean_display_header":"default","ocean_header_style":"transparent","ocean_center_header_left_menu":"0","ocean_custom_header_template":"0","ocean_custom_logo":0,"ocean_custom_retina_logo":0,"ocean_custom_logo_max_width":0,"ocean_custom_logo_tablet_max_width":0,"ocean_custom_logo_mobile_max_width":0,"ocean_custom_logo_max_height":0,"ocean_custom_logo_tablet_max_height":0,"ocean_custom_logo_mobile_max_height":0,"ocean_header_custom_menu":"0","ocean_menu_typo_font_family":"0","ocean_menu_typo_font_subset":"","ocean_menu_typo_font_size":0,"ocean_menu_typo_font_size_tablet":0,"ocean_menu_typo_font_size_mobile":0,"ocean_menu_typo_font_size_unit":"px","ocean_menu_typo_font_weight":"","ocean_menu_typo_font_weight_tablet":"","ocean_menu_typo_font_weight_mobile":"","ocean_menu_typo_transform":"","ocean_menu_typo_transform_tablet":"","ocean_menu_typo_transform_mobile":"","ocean_menu_typo_line_height":0,"ocean_menu_typo_line_height_tablet":0,"ocean_menu_typo_line_height_mobile":0,"ocean_menu_typo_line_height_unit":"","ocean_menu_typo_spacing":0,"ocean_menu_typo_spacing_tablet":0,"ocean_menu_typo_spacing_mobile":0,"ocean_menu_typo_spacing_unit":"","ocean_menu_link_color":"","ocean_menu_link_color_hover":"","ocean_menu_link_color_active":"","ocean_menu_link_background":"","ocean_menu_link_hover_background":"","ocean_menu_link_active_background":"","ocean_menu_social_links_bg":"","ocean_menu_social_hover_links_bg":"","ocean_menu_social_links_color":"","ocean_menu_social_hover_links_color":"","ocean_disable_title":"on","ocean_disable_heading":"default","ocean_post_title":"","ocean_post_subheading":"","ocean_post_title_style":"","ocean_post_title_background_color":"","ocean_post_title_background":0,"ocean_post_title_bg_image_position":"","ocean_post_title_bg_image_attachment":"","ocean_post_title_bg_image_repeat":"","ocean_post_title_bg_image_size":"","ocean_post_title_height":0,"ocean_post_title_bg_overlay":0.5,"ocean_post_title_bg_overlay_color":"","ocean_disable_breadcrumbs":"off","ocean_breadcrumbs_color":"","ocean_breadcrumbs_separator_color":"","ocean_breadcrumbs_links_color":"","ocean_breadcrumbs_links_hover_color":"","ocean_display_footer_widgets":"default","ocean_display_footer_bottom":"off","ocean_custom_footer_template":"0","footnotes":""},"class_list":["post-6","page","type-page","status-publish","hentry","entry"],"acf":[],"_links":{"self":[{"href":"https:\/\/dieselsoft.fr\/index.php\/wp-json\/wp\/v2\/pages\/6","targetHints":{"allow":["GET"]}}],"collection":[{"href":"https:\/\/dieselsoft.fr\/index.php\/wp-json\/wp\/v2\/pages"}],"about":[{"href":"https:\/\/dieselsoft.fr\/index.php\/wp-json\/wp\/v2\/types\/page"}],"author":[{"embeddable":true,"href":"https:\/\/dieselsoft.fr\/index.php\/wp-json\/wp\/v2\/users\/1"}],"replies":[{"embeddable":true,"href":"https:\/\/dieselsoft.fr\/index.php\/wp-json\/wp\/v2\/comments?post=6"}],"version-history":[{"count":11,"href":"https:\/\/dieselsoft.fr\/index.php\/wp-json\/wp\/v2\/pages\/6\/revisions"}],"predecessor-version":[{"id":86,"href":"https:\/\/dieselsoft.fr\/index.php\/wp-json\/wp\/v2\/pages\/6\/revisions\/86"}],"wp:attachment":[{"href":"https:\/\/dieselsoft.fr\/index.php\/wp-json\/wp\/v2\/media?parent=6"}],"curies":[{"name":"wp","href":"https:\/\/api.w.org\/{rel}","templated":true}]}}